{"id":12,"date":"2021-07-02T13:09:09","date_gmt":"2021-07-02T13:09:09","guid":{"rendered":"https:\/\/rossendorfer.de\/?page_id=12"},"modified":"2021-07-02T13:09:09","modified_gmt":"2021-07-02T13:09:09","slug":"impressum","status":"publish","type":"page","link":"https:\/\/rossendorfer.de\/?page_id=12","title":{"rendered":"Impressum"},"content":{"rendered":"\n<p>Anbieter:<\/p>\n\n\n\n<p>SHG &#8211; Service f\u00fcr Haus und Grundst\u00fcck<br>Inhaber&nbsp;Ramona Sch\u00e4ferling<br>Radeberger Landstra\u00dfe 1, 01328 Dresden<br><br>Kontakt:<br><br>Telefon: 0351\/2679865<br>E-Mail: <a href=\"mailto:info@rossendorfer.de\">info@rossendorfer.de<\/a><br>Website: <a href=\"http:\/\/www.rossendorfer.de\">www.rossendorfer.de<\/a><br><br><br>Registergericht: Dresden<\/p>\n","protected":false},"excerpt":{"rendered":"<p>Anbieter: SHG &#8211; Service f\u00fcr Haus und Grundst\u00fcckInhaber&nbsp;Ramona Sch\u00e4ferlingRadeberger Landstra\u00dfe 1, 01328 Dresden Kontakt: Telefon: 0351\/2679865E-Mail: info@rossendorfer.deWebsite: www.rossendorfer.de Registergericht: Dresden<\/p>\n","protected":false},"author":1,"featured_media":0,"parent":0,"menu_order":0,"comment_status":"closed","ping_status":"closed","template":"","meta":{"footnotes":""},"class_list":["post-12","page","type-page","status-publish","hentry","entry"],"_links":{"self":[{"href":"https:\/\/rossendorfer.de\/index.php?rest_route=\/wp\/v2\/pages\/12","targetHints":{"allow":["GET"]}}],"collection":[{"href":"https:\/\/rossendorfer.de\/index.php?rest_route=\/wp\/v2\/pages"}],"about":[{"href":"https:\/\/rossendorfer.de\/index.php?rest_route=\/wp\/v2\/types\/page"}],"author":[{"embeddable":true,"href":"https:\/\/rossendorfer.de\/index.php?rest_route=\/wp\/v2\/users\/1"}],"replies":[{"embeddable":true,"href":"https:\/\/rossendorfer.de\/index.php?rest_route=%2Fwp%2Fv2%2Fcomments&post=12"}],"version-history":[{"count":1,"href":"https:\/\/rossendorfer.de\/index.php?rest_route=\/wp\/v2\/pages\/12\/revisions"}],"predecessor-version":[{"id":13,"href":"https:\/\/rossendorfer.de\/index.php?rest_route=\/wp\/v2\/pages\/12\/revisions\/13"}],"wp:attachment":[{"href":"https:\/\/rossendorfer.de\/index.php?rest_route=%2Fwp%2Fv2%2Fmedia&parent=12"}],"curies":[{"name":"wp","href":"https:\/\/api.w.org\/{rel}","templated":true}]}}