{"id":2,"date":"2016-05-10T03:48:21","date_gmt":"2016-05-10T03:48:21","guid":{"rendered":"http:\/\/rossendorfer.de\/?page_id=2"},"modified":"2021-07-02T13:17:56","modified_gmt":"2021-07-02T13:17:56","slug":"home","status":"publish","type":"page","link":"https:\/\/rossendorfer.de\/","title":{"rendered":"Willkommen"},"content":{"rendered":"\n<p>Herzlich Willkommen! Sch\u00f6n das Sie unsere Seiten gefunden haben.<\/p>\n\n\n\n<figure class=\"wp-block-image size-large\"><img loading=\"lazy\" decoding=\"async\" width=\"985\" height=\"120\" src=\"https:\/\/rossendorfer.de\/wp-content\/uploads\/2021\/07\/logo.jpg\" alt=\"\" class=\"wp-image-15\" srcset=\"https:\/\/rossendorfer.de\/wp-content\/uploads\/2021\/07\/logo.jpg 985w, https:\/\/rossendorfer.de\/wp-content\/uploads\/2021\/07\/logo-300x37.jpg 300w, https:\/\/rossendorfer.de\/wp-content\/uploads\/2021\/07\/logo-768x94.jpg 768w\" sizes=\"auto, (max-width: 985px) 100vw, 985px\" \/><\/figure>\n\n\n\n<p>Renovierungen, Umbau und Sanierung im, am und um Ihr Haus und Grundst\u00fcck verbessern Ihr Wohlbefinden und Erhalten den Wert Ihrer Immobilie.<\/p>\n\n\n\n<p>Auch Hausmeisterdienste und Winterdienst geh\u00f6ren zu unserem Leistungsangebot.<\/p>\n\n\n\n<p>Alle Informationen finden Sie demn\u00e4chst.<\/p>\n\n\n\n<p>Sollten Sie Fragen oder W\u00fcnsche haben freuen&nbsp;wir uns&nbsp;auf Ihren Anruf oder Ihre Email.<\/p>\n\n\n\n<p>Unsere Seiten befinden sich im Aufbau. Zu erreichen sind wir per Telefon oder Email<\/p>\n\n\n\n<figure class=\"wp-block-image size-large\"><img loading=\"lazy\" decoding=\"async\" width=\"629\" height=\"349\" src=\"https:\/\/rossendorfer.de\/wp-content\/uploads\/2021\/07\/logo_schaeferling_23092014.gif\" alt=\"\" class=\"wp-image-17\"\/><\/figure>\n","protected":false},"excerpt":{"rendered":"<p>Herzlich Willkommen! Sch\u00f6n das Sie unsere Seiten gefunden haben. Renovierungen, Umbau und Sanierung im, am und um Ihr Haus und Grundst\u00fcck verbessern Ihr Wohlbefinden und Erhalten den Wert Ihrer Immobilie. Auch Hausmeisterdienste und Winterdienst geh\u00f6ren zu unserem Leistungsangebot. Alle Informationen finden Sie demn\u00e4chst. Sollten Sie Fragen oder W\u00fcnsche haben freuen&nbsp;wir uns&nbsp;auf Ihren Anruf oder Ihre&hellip; <a class=\"more-link\" href=\"https:\/\/rossendorfer.de\/\"><span class=\"screen-reader-text\">Willkommen<\/span> weiterlesen<\/a><\/p>\n","protected":false},"author":1,"featured_media":0,"parent":0,"menu_order":0,"comment_status":"closed","ping_status":"closed","template":"","meta":{"footnotes":""},"class_list":["post-2","page","type-page","status-publish","hentry","entry"],"_links":{"self":[{"href":"https:\/\/rossendorfer.de\/index.php?rest_route=\/wp\/v2\/pages\/2","targetHints":{"allow":["GET"]}}],"collection":[{"href":"https:\/\/rossendorfer.de\/index.php?rest_route=\/wp\/v2\/pages"}],"about":[{"href":"https:\/\/rossendorfer.de\/index.php?rest_route=\/wp\/v2\/types\/page"}],"author":[{"embeddable":true,"href":"https:\/\/rossendorfer.de\/index.php?rest_route=\/wp\/v2\/users\/1"}],"replies":[{"embeddable":true,"href":"https:\/\/rossendorfer.de\/index.php?rest_route=%2Fwp%2Fv2%2Fcomments&post=2"}],"version-history":[{"count":4,"href":"https:\/\/rossendorfer.de\/index.php?rest_route=\/wp\/v2\/pages\/2\/revisions"}],"predecessor-version":[{"id":20,"href":"https:\/\/rossendorfer.de\/index.php?rest_route=\/wp\/v2\/pages\/2\/revisions\/20"}],"wp:attachment":[{"href":"https:\/\/rossendorfer.de\/index.php?rest_route=%2Fwp%2Fv2%2Fmedia&parent=2"}],"curies":[{"name":"wp","href":"https:\/\/api.w.org\/{rel}","templated":true}]}}